{"id":5,"date":"2017-08-04T14:38:57","date_gmt":"2017-08-04T12:38:57","guid":{"rendered":"http:\/\/www.ratiovit.com\/?page_id=5"},"modified":"2021-03-11T13:04:09","modified_gmt":"2021-03-11T12:04:09","slug":"home","status":"publish","type":"page","link":"https:\/\/www.ratiovit.com\/haendler\/","title":{"rendered":"Ratiovit GmbH"},"content":{"rendered":"<p><strong>Ihr starker Partner\u00a0<\/strong> <strong>&#8211;\u00a0 seit 1994<\/strong><\/p>\r\n<p>N\u00e4hrstoffe aus der Natur r\u00fccken immer mehr in den Fokus gesundheitsbewusster Menschen. Damit Ihr gesundes Naturheilmittel hygienisch einwandfrei und verbraucherfreundlich beim Kunden ankommt, braucht es viele Schritte.<\/p>\r\n<p>Teilaufgaben, wie z.B.: Abf\u00fcllen von Kleinmengen an \u00d6len bis zum Fullfillment Ihres gesamten Logistikbedarfs.<\/p>\r\n<p>Sie profitieren durch:<\/p>\r\n<p>\u2705 unseren Maschinenpark<\/p>\r\n<p>\u2705 unser Know-How<\/p>\r\n<p>\u2705 unsere langj\u00e4hrige Erfahrung<\/p>\r\n<p>\u2705\u00a0 &#8230; und durch die Power unserer engagierten Mitarbeiter<\/p>\r\n\r\n<figure class=\"wp-block-image\"><img loading=\"lazy\" width=\"440\" height=\"193\" class=\"wp-image-359\" src=\"http:\/\/www.ratiovit.com\/wp-content\/uploads\/2020\/07\/ratiovit-partner-lager-maschinen-kompetenz-1.jpg\" alt=\"\" srcset=\"https:\/\/www.ratiovit.com\/haendler\/wp-content\/uploads\/2020\/07\/ratiovit-partner-lager-maschinen-kompetenz-1.jpg 440w, https:\/\/www.ratiovit.com\/haendler\/wp-content\/uploads\/2020\/07\/ratiovit-partner-lager-maschinen-kompetenz-1-300x132.jpg 300w\" sizes=\"(max-width: 440px) 100vw, 440px\" \/><\/figure>\r\n\r\n\r\n\r\n<h2>Unsere Maschinen f\u00fcr Ihr Produkt<\/h2>\r\n\r\n\r\n\r\n\r\n\r\n<p>\u2705 Z\u00e4hlmaschine f\u00fcr Kapseln und Tabletten: F\u00fcllen von Beh\u00e4ltern nach Ihren Angaben<\/p>\r\n\r\n\r\n\r\n<p>\u2705 Pulverf\u00fcller: Abf\u00fcllen von Pulver in Dosen oder T\u00fcten<\/p>\r\n\r\n\r\n\r\n<p>\u2705 Volumendosierf\u00fcller mit Kappenverschrauber: Abf\u00fcllen von Fl\u00fcssigkeiten<\/p>\r\n\r\n\r\n\r\n<p>\u2705 Hochwertige Drucker: Eindruck des Mindesthaltbarkeitsdatums<\/p>\r\n\r\n\r\n\r\n<p>\u2705 Etikettiermaschine: Etikettieren<\/p>\r\n\r\n\r\n\r\n<p>Punktgenau dosieren, hygienisch abf\u00fcllen und aromasicher verpacken: Das ist das Kerngesch\u00e4ft von Ratiovit. Jahrelange Erfahrung im Einkauf von guten Rohstoffen, der Konfektionierung der Erg\u00e4nzungsmittel und im Verkauf lassen Ratiovit zu Ihrem verl\u00e4sslichen Partner werden.<\/p>\r\n","protected":false},"excerpt":{"rendered":"<p>Ihr starker Partner\u00a0 &#8211;\u00a0 seit 1994 N\u00e4hrstoffe aus der Natur r\u00fccken immer mehr in den Fokus gesundheitsbewusster Menschen. Damit Ihr gesundes Naturheilmittel hygienisch einwandfrei und verbraucherfreundlich beim Kunden ankommt, braucht es viele Schritte. Teilaufgaben, wie z.B.: Abf\u00fcllen von Kleinmengen an \u00d6len bis zum Fullfillment Ihres gesamten Logistikbedarfs. Sie profitieren durch: \u2705 unseren Maschinenpark \u2705 unser &hellip; <a href=\"https:\/\/www.ratiovit.com\/haendler\/\" class=\"more-link\"><span class=\"screen-reader-text\">Ratiovit GmbH<\/span> weiterlesen<\/a><\/p>\n","protected":false},"author":2,"featured_media":459,"parent":0,"menu_order":0,"comment_status":"closed","ping_status":"closed","template":"","meta":[],"_links":{"self":[{"href":"https:\/\/www.ratiovit.com\/haendler\/wp-json\/wp\/v2\/pages\/5"}],"collection":[{"href":"https:\/\/www.ratiovit.com\/haendler\/wp-json\/wp\/v2\/pages"}],"about":[{"href":"https:\/\/www.ratiovit.com\/haendler\/wp-json\/wp\/v2\/types\/page"}],"author":[{"embeddable":true,"href":"https:\/\/www.ratiovit.com\/haendler\/wp-json\/wp\/v2\/users\/2"}],"replies":[{"embeddable":true,"href":"https:\/\/www.ratiovit.com\/haendler\/wp-json\/wp\/v2\/comments?post=5"}],"version-history":[{"count":27,"href":"https:\/\/www.ratiovit.com\/haendler\/wp-json\/wp\/v2\/pages\/5\/revisions"}],"predecessor-version":[{"id":485,"href":"https:\/\/www.ratiovit.com\/haendler\/wp-json\/wp\/v2\/pages\/5\/revisions\/485"}],"wp:featuredmedia":[{"embeddable":true,"href":"https:\/\/www.ratiovit.com\/haendler\/wp-json\/wp\/v2\/media\/459"}],"wp:attachment":[{"href":"https:\/\/www.ratiovit.com\/haendler\/wp-json\/wp\/v2\/media?parent=5"}],"curies":[{"name":"wp","href":"https:\/\/api.w.org\/{rel}","templated":true}]}}