{"id":398,"date":"2020-07-20T12:17:51","date_gmt":"2020-07-20T10:17:51","guid":{"rendered":"http:\/\/www.ratiovit.com\/?page_id=398"},"modified":"2020-07-20T16:16:35","modified_gmt":"2020-07-20T14:16:35","slug":"startup-nahrungsergaenzung","status":"publish","type":"page","link":"https:\/\/www.ratiovit.com\/haendler\/startup-nahrungsergaenzung\/","title":{"rendered":"StartUps"},"content":{"rendered":"\n<p><strong>Teil- und Komplettl\u00f6sungen f\u00fcr StartUps<\/strong><\/p>\n\n\n\n<p>Ratiovit unterst\u00fctzt Sie gerne bei Ihrem Vorhaben, egal ob Sie die  komplette Umsetzung oder nur einzelne Teilschritte bei uns machen lassen  wollen. <\/p>\n\n\n\n<div class=\"wp-block-image\"><figure class=\"alignleft is-resized\"><img loading=\"lazy\" src=\"http:\/\/www.ratiovit.com\/wp-content\/uploads\/2020\/07\/nahrungsergaenzung-lebensmittel-zertifizierung.jpg\" alt=\"\" class=\"wp-image-371\" width=\"220\" height=\"97\" srcset=\"https:\/\/www.ratiovit.com\/haendler\/wp-content\/uploads\/2020\/07\/nahrungsergaenzung-lebensmittel-zertifizierung.jpg 440w, https:\/\/www.ratiovit.com\/haendler\/wp-content\/uploads\/2020\/07\/nahrungsergaenzung-lebensmittel-zertifizierung-300x132.jpg 300w\" sizes=\"(max-width: 220px) 100vw, 220px\" \/><\/figure><\/div>\n\n\n\n<p>\u2705  <strong>Zertifizierungen<\/strong> &#8211; <strong>Rechtliche Vorgaben f\u00fcr Deutschland:<\/strong> Ratiovit hat den Durchblick bei Gesetzen, Verordnungen, Meldepflichten etc.<br><strong><em><a href=\"https:\/\/www.ratiovit.com\/haendler\/zertifizierung-bio-ecocontrol-produkt\/\">mehr Informationen<\/a><\/em><\/strong><\/p>\n\n\n\n<p><\/p>\n\n\n\n<div class=\"wp-block-image\"><figure class=\"alignleft is-resized\"><img loading=\"lazy\" src=\"http:\/\/www.ratiovit.com\/wp-content\/uploads\/2020\/07\/Rohstoff-markt-quelle-rezept-beschaffen.jpg\" alt=\"\" class=\"wp-image-373\" width=\"220\" height=\"97\" srcset=\"https:\/\/www.ratiovit.com\/haendler\/wp-content\/uploads\/2020\/07\/Rohstoff-markt-quelle-rezept-beschaffen.jpg 440w, https:\/\/www.ratiovit.com\/haendler\/wp-content\/uploads\/2020\/07\/Rohstoff-markt-quelle-rezept-beschaffen-300x132.jpg 300w\" sizes=\"(max-width: 220px) 100vw, 220px\" \/><\/figure><\/div>\n\n\n\n<p>\u2705 <strong>Rohstoffe, Produktbeschaffung:<\/strong> Ratiovit kennt den Rohstoffmarkt. Greifen Sie auf unsere Erfahrung zur\u00fcck.<br><strong><em><a href=\"https:\/\/www.ratiovit.com\/haendler\/rohstoffe-naturstoffe-naturmittel-markt\/\">mehr Informationen<\/a><\/em><\/strong><\/p>\n\n\n\n<p><\/p>\n\n\n\n<div class=\"wp-block-image\"><figure class=\"alignleft is-resized\"><img loading=\"lazy\" src=\"http:\/\/www.ratiovit.com\/wp-content\/uploads\/2020\/07\/Produktion-Rezept-Produkt-mischen.jpg\" alt=\"\" class=\"wp-image-370\" width=\"220\" height=\"97\" srcset=\"https:\/\/www.ratiovit.com\/haendler\/wp-content\/uploads\/2020\/07\/Produktion-Rezept-Produkt-mischen.jpg 440w, https:\/\/www.ratiovit.com\/haendler\/wp-content\/uploads\/2020\/07\/Produktion-Rezept-Produkt-mischen-300x132.jpg 300w\" sizes=\"(max-width: 220px) 100vw, 220px\" \/><\/figure><\/div>\n\n\n\n<p> \u2705  <strong>Produktion nach Ihrem Rezept<\/strong>: Ratiovit  hilft Ihnen Ihr Produkt marktf\u00e4hig zu machen. <br><strong><em><a href=\"https:\/\/www.ratiovit.com\/haendler\/nahrungsergaenzung-rezept-rohstoff-kapsel\/\">mehr Informationen<\/a><\/em><\/strong><\/p>\n","protected":false},"excerpt":{"rendered":"<p>Teil- und Komplettl\u00f6sungen f\u00fcr StartUps Ratiovit unterst\u00fctzt Sie gerne bei Ihrem Vorhaben, egal ob Sie die komplette Umsetzung oder nur einzelne Teilschritte bei uns machen lassen wollen. \u2705 Zertifizierungen &#8211; Rechtliche Vorgaben f\u00fcr Deutschland: Ratiovit hat den Durchblick bei Gesetzen, Verordnungen, Meldepflichten etc.mehr Informationen \u2705 Rohstoffe, Produktbeschaffung: Ratiovit kennt den Rohstoffmarkt. Greifen Sie auf unsere &hellip; <a href=\"https:\/\/www.ratiovit.com\/haendler\/startup-nahrungsergaenzung\/\" class=\"more-link\"><span class=\"screen-reader-text\">StartUps<\/span> weiterlesen<\/a><\/p>\n","protected":false},"author":2,"featured_media":363,"parent":0,"menu_order":0,"comment_status":"closed","ping_status":"closed","template":"","meta":[],"_links":{"self":[{"href":"https:\/\/www.ratiovit.com\/haendler\/wp-json\/wp\/v2\/pages\/398"}],"collection":[{"href":"https:\/\/www.ratiovit.com\/haendler\/wp-json\/wp\/v2\/pages"}],"about":[{"href":"https:\/\/www.ratiovit.com\/haendler\/wp-json\/wp\/v2\/types\/page"}],"author":[{"embeddable":true,"href":"https:\/\/www.ratiovit.com\/haendler\/wp-json\/wp\/v2\/users\/2"}],"replies":[{"embeddable":true,"href":"https:\/\/www.ratiovit.com\/haendler\/wp-json\/wp\/v2\/comments?post=398"}],"version-history":[{"count":3,"href":"https:\/\/www.ratiovit.com\/haendler\/wp-json\/wp\/v2\/pages\/398\/revisions"}],"predecessor-version":[{"id":450,"href":"https:\/\/www.ratiovit.com\/haendler\/wp-json\/wp\/v2\/pages\/398\/revisions\/450"}],"wp:featuredmedia":[{"embeddable":true,"href":"https:\/\/www.ratiovit.com\/haendler\/wp-json\/wp\/v2\/media\/363"}],"wp:attachment":[{"href":"https:\/\/www.ratiovit.com\/haendler\/wp-json\/wp\/v2\/media?parent=398"}],"curies":[{"name":"wp","href":"https:\/\/api.w.org\/{rel}","templated":true}]}}