{"id":379,"date":"2020-07-20T11:32:43","date_gmt":"2020-07-20T09:32:43","guid":{"rendered":"http:\/\/www.ratiovit.com\/?page_id=379"},"modified":"2020-07-20T16:11:24","modified_gmt":"2020-07-20T14:11:24","slug":"fluessigkeiten-abfuellen-flaschen","status":"publish","type":"page","link":"https:\/\/www.ratiovit.com\/haendler\/fluessigkeiten-abfuellen-flaschen\/","title":{"rendered":"Fl\u00fcssigkeiten"},"content":{"rendered":"\n<p><strong>Fl\u00fcssigkeiten mischen und abf\u00fcllen<\/strong><\/p>\n\n\n\n<p>Sie\nliefern uns fertige Fl\u00fcssigkeiten:&nbsp; <\/p>\n\n\n\n<p>\u2705&nbsp;&nbsp;&nbsp;&nbsp;&nbsp;&nbsp;&nbsp; in\nKanistern<\/p>\n\n\n\n<p>\u2705&nbsp;&nbsp;&nbsp;&nbsp;&nbsp;&nbsp;&nbsp; in\nF\u00e4ssern<\/p>\n\n\n\n<p>\u2705&nbsp;&nbsp;&nbsp;&nbsp;&nbsp;&nbsp;&nbsp; in\nIBC Containern<\/p>\n\n\n\n<p>Bei\nBedarf mischen wir auch Ihre Fl\u00fcssigkeiten nach Ihrem Rezept.<\/p>\n\n\n\n<p><strong>Ratiovit f\u00fcllt ab in die von Ihnen gew\u00fcnschten Flaschen der Gr\u00f6\u00dfen:<\/strong><\/p>\n\n\n\n<p>\u2705&nbsp;&nbsp;&nbsp;&nbsp;&nbsp;&nbsp;&nbsp; min.\n10ml (z.B. CBD \u00d6le)<\/p>\n\n\n\n<p>\u2705&nbsp;&nbsp;&nbsp;&nbsp;&nbsp;&nbsp;&nbsp; max.\n1000ml (z.B. Kolloidales Silber)<\/p>\n\n\n\n<p><strong>Wie soll Ihre Fl\u00fcssigkeit verwendet werden?<\/strong><\/p>\n\n\n\n<p>\u2705&nbsp;&nbsp;&nbsp;&nbsp;&nbsp;&nbsp;&nbsp; zum\nTropfen ( + Pipette)<\/p>\n\n\n\n<p>\u2705&nbsp;&nbsp;&nbsp;&nbsp;&nbsp;&nbsp;&nbsp; zum\nSprayen ( + Spr\u00fchkopf)<\/p>\n\n\n\n<p>Wir\nkennen passende Lieferanten f\u00fcr entsprechende Aufs\u00e4tze<\/p>\n\n\n\n<p><strong>Sprechen Sie mit uns!<\/strong><\/p>\n","protected":false},"excerpt":{"rendered":"<p>Fl\u00fcssigkeiten mischen und abf\u00fcllen Sie liefern uns fertige Fl\u00fcssigkeiten:&nbsp; \u2705&nbsp;&nbsp;&nbsp;&nbsp;&nbsp;&nbsp;&nbsp; in Kanistern \u2705&nbsp;&nbsp;&nbsp;&nbsp;&nbsp;&nbsp;&nbsp; in F\u00e4ssern \u2705&nbsp;&nbsp;&nbsp;&nbsp;&nbsp;&nbsp;&nbsp; in IBC Containern Bei Bedarf mischen wir auch Ihre Fl\u00fcssigkeiten nach Ihrem Rezept. Ratiovit f\u00fcllt ab in die von Ihnen gew\u00fcnschten Flaschen der Gr\u00f6\u00dfen: \u2705&nbsp;&nbsp;&nbsp;&nbsp;&nbsp;&nbsp;&nbsp; min. 10ml (z.B. CBD \u00d6le) \u2705&nbsp;&nbsp;&nbsp;&nbsp;&nbsp;&nbsp;&nbsp; max. 1000ml (z.B. Kolloidales Silber) Wie soll Ihre &hellip; <a href=\"https:\/\/www.ratiovit.com\/haendler\/fluessigkeiten-abfuellen-flaschen\/\" class=\"more-link\"><span class=\"screen-reader-text\">Fl\u00fcssigkeiten<\/span> weiterlesen<\/a><\/p>\n","protected":false},"author":2,"featured_media":366,"parent":0,"menu_order":0,"comment_status":"closed","ping_status":"closed","template":"","meta":[],"_links":{"self":[{"href":"https:\/\/www.ratiovit.com\/haendler\/wp-json\/wp\/v2\/pages\/379"}],"collection":[{"href":"https:\/\/www.ratiovit.com\/haendler\/wp-json\/wp\/v2\/pages"}],"about":[{"href":"https:\/\/www.ratiovit.com\/haendler\/wp-json\/wp\/v2\/types\/page"}],"author":[{"embeddable":true,"href":"https:\/\/www.ratiovit.com\/haendler\/wp-json\/wp\/v2\/users\/2"}],"replies":[{"embeddable":true,"href":"https:\/\/www.ratiovit.com\/haendler\/wp-json\/wp\/v2\/comments?post=379"}],"version-history":[{"count":2,"href":"https:\/\/www.ratiovit.com\/haendler\/wp-json\/wp\/v2\/pages\/379\/revisions"}],"predecessor-version":[{"id":446,"href":"https:\/\/www.ratiovit.com\/haendler\/wp-json\/wp\/v2\/pages\/379\/revisions\/446"}],"wp:featuredmedia":[{"embeddable":true,"href":"https:\/\/www.ratiovit.com\/haendler\/wp-json\/wp\/v2\/media\/366"}],"wp:attachment":[{"href":"https:\/\/www.ratiovit.com\/haendler\/wp-json\/wp\/v2\/media?parent=379"}],"curies":[{"name":"wp","href":"https:\/\/api.w.org\/{rel}","templated":true}]}}