{"id":377,"date":"2020-07-20T11:29:30","date_gmt":"2020-07-20T09:29:30","guid":{"rendered":"http:\/\/www.ratiovit.com\/?page_id=377"},"modified":"2021-03-11T13:05:12","modified_gmt":"2021-03-11T12:05:12","slug":"kapseln-zaehlen-abfuellen-lohnabfuellung","status":"publish","type":"page","link":"https:\/\/www.ratiovit.com\/haendler\/kapseln-zaehlen-abfuellen-lohnabfuellung\/","title":{"rendered":"Kapseln"},"content":{"rendered":"\r\n<p><strong>Kapseln abz\u00e4hlen und einf\u00fcllen<\/strong><\/p>\r\n\r\n\r\n\r\n<p>Sie liefern uns Ihre Bulkware:<\/p>\r\n\r\n\r\n\r\n<p>\u2705 \u00a0\u00a0\u00a0\u00a0\u00a0\u00a0 fertig bef\u00fcllte Kapseln \/ Softgels<\/p>\r\n\r\n\r\n\r\n<p>\u2705\u00a0\u00a0\u00a0\u00a0\u00a0\u00a0\u00a0 fertige Tabletten \/ Presslinge<\/p>\r\n\r\n\r\n\r\n<p>Ratiovit bef\u00fcllt mit computergesteuerter Z\u00e4hlmaschine zuverl\u00e4ssig mit der gew\u00fcnschten Anzahl:<\/p>\r\n\r\n\r\n\r\n<p>\u2705\u00a0\u00a0\u00a0\u00a0\u00a0\u00a0\u00a0 Kunststoffdosen (z.B. Petpacker)<\/p>\r\n\r\n\r\n\r\n<p>\u2705\u00a0\u00a0\u00a0\u00a0\u00a0\u00a0\u00a0 Gl\u00e4ser<\/p>\r\n\r\n\r\n\r\n<p>\u2705\u00a0\u00a0\u00a0\u00a0\u00a0\u00a0\u00a0 Beutel<\/p>\r\n\r\n\r\n\r\n<p>\u2705\u00a0\u00a0\u00a0\u00a0\u00a0\u00a0\u00a0 Doypacks<\/p>\r\n\r\n\r\n\r\n<p><strong>Sprechen Sie mit uns!<\/strong><br \/>Es sind immer auch Teilaufgaben m\u00f6glich.<\/p>\r\n\r\n<p><!--EndFragment--><\/p>","protected":false},"excerpt":{"rendered":"<p>Kapseln abz\u00e4hlen und einf\u00fcllen Sie liefern uns Ihre Bulkware: \u2705 \u00a0\u00a0\u00a0\u00a0\u00a0\u00a0 fertig bef\u00fcllte Kapseln \/ Softgels \u2705\u00a0\u00a0\u00a0\u00a0\u00a0\u00a0\u00a0 fertige Tabletten \/ Presslinge Ratiovit bef\u00fcllt mit computergesteuerter Z\u00e4hlmaschine zuverl\u00e4ssig mit der gew\u00fcnschten Anzahl: \u2705\u00a0\u00a0\u00a0\u00a0\u00a0\u00a0\u00a0 Kunststoffdosen (z.B. Petpacker) \u2705\u00a0\u00a0\u00a0\u00a0\u00a0\u00a0\u00a0 Gl\u00e4ser \u2705\u00a0\u00a0\u00a0\u00a0\u00a0\u00a0\u00a0 Beutel \u2705\u00a0\u00a0\u00a0\u00a0\u00a0\u00a0\u00a0 Doypacks Sprechen Sie mit uns!Es sind immer auch Teilaufgaben m\u00f6glich.<\/p>\n","protected":false},"author":2,"featured_media":367,"parent":0,"menu_order":0,"comment_status":"closed","ping_status":"closed","template":"","meta":[],"_links":{"self":[{"href":"https:\/\/www.ratiovit.com\/haendler\/wp-json\/wp\/v2\/pages\/377"}],"collection":[{"href":"https:\/\/www.ratiovit.com\/haendler\/wp-json\/wp\/v2\/pages"}],"about":[{"href":"https:\/\/www.ratiovit.com\/haendler\/wp-json\/wp\/v2\/types\/page"}],"author":[{"embeddable":true,"href":"https:\/\/www.ratiovit.com\/haendler\/wp-json\/wp\/v2\/users\/2"}],"replies":[{"embeddable":true,"href":"https:\/\/www.ratiovit.com\/haendler\/wp-json\/wp\/v2\/comments?post=377"}],"version-history":[{"count":6,"href":"https:\/\/www.ratiovit.com\/haendler\/wp-json\/wp\/v2\/pages\/377\/revisions"}],"predecessor-version":[{"id":486,"href":"https:\/\/www.ratiovit.com\/haendler\/wp-json\/wp\/v2\/pages\/377\/revisions\/486"}],"wp:featuredmedia":[{"embeddable":true,"href":"https:\/\/www.ratiovit.com\/haendler\/wp-json\/wp\/v2\/media\/367"}],"wp:attachment":[{"href":"https:\/\/www.ratiovit.com\/haendler\/wp-json\/wp\/v2\/media?parent=377"}],"curies":[{"name":"wp","href":"https:\/\/api.w.org\/{rel}","templated":true}]}}