{"id":10,"date":"2017-08-04T14:43:51","date_gmt":"2017-08-04T12:43:51","guid":{"rendered":"http:\/\/www.ratiovit.com\/?page_id=10"},"modified":"2020-07-20T12:30:50","modified_gmt":"2020-07-20T10:30:50","slug":"konfektionierung","status":"publish","type":"page","link":"https:\/\/www.ratiovit.com\/haendler\/konfektionierung\/","title":{"rendered":"Konfektionierung"},"content":{"rendered":"<h2><strong>Ratiovit<\/strong><strong>: Erfahrung mit Rohstoffen, Verpackung und Etiketten<br><\/strong><\/h2>\n<p>Sie haben eine Idee und brauchen einen kompetenten Partner, der aus Ihren W\u00fcnschen Wirklichkeit werden l\u00e4sst?<\/p>\n<p><strong>Teil- und Komplettl\u00f6sungen m\u00f6glich<br><\/strong><\/p>\n<p>Ratiovit unterst\u00fctzt Sie gerne bei Ihrem Vorhaben, egal ob Sie die komplette Umsetzung oder nur einzelne Teilschritte bei uns machen lassen wollen.<\/p>\n\n\n<div class=\"wp-block-image\"><figure class=\"alignleft is-resized\"><img loading=\"lazy\" src=\"http:\/\/www.ratiovit.com\/wp-content\/uploads\/2020\/07\/flasche-dose-beutel-verpackung-nahrungsergaenzung.jpg\" alt=\"\" class=\"wp-image-362\" width=\"220\" height=\"97\" srcset=\"https:\/\/www.ratiovit.com\/haendler\/wp-content\/uploads\/2020\/07\/flasche-dose-beutel-verpackung-nahrungsergaenzung.jpg 440w, https:\/\/www.ratiovit.com\/haendler\/wp-content\/uploads\/2020\/07\/flasche-dose-beutel-verpackung-nahrungsergaenzung-300x132.jpg 300w\" sizes=\"(max-width: 220px) 100vw, 220px\" \/><\/figure><\/div>\n\n\n\n<p>\u2705 <strong>Verpackung:<\/strong> Ratiovit kennt preiswerte Lieferanten von Dosen, Gl\u00e4sern, Flaschen, Beuteln, Schachteln, etc.<br><strong><em><a href=\"https:\/\/www.ratiovit.com\/haendler\/dosen-glaeser-flaschen-nahrungsergaenzung\/\">mehr Informationen<\/a><\/em><\/strong><\/p>\n\n\n\n<p><\/p>\n\n\n\n<div class=\"wp-block-image\"><figure class=\"alignleft is-resized\"><img loading=\"lazy\" src=\"http:\/\/www.ratiovit.com\/wp-content\/uploads\/2020\/07\/Etikett-vorgaben-richtlinien-recht.jpg\" alt=\"\" class=\"wp-image-361\" width=\"220\" height=\"97\" srcset=\"https:\/\/www.ratiovit.com\/haendler\/wp-content\/uploads\/2020\/07\/Etikett-vorgaben-richtlinien-recht.jpg 440w, https:\/\/www.ratiovit.com\/haendler\/wp-content\/uploads\/2020\/07\/Etikett-vorgaben-richtlinien-recht-300x132.jpg 300w\" sizes=\"(max-width: 220px) 100vw, 220px\" \/><\/figure><\/div>\n\n\n\n<p> \u2705 <strong>Etikett:<\/strong> Ratiovit hilft bei der Umsetzung von Etiketten, die den gesetzlichen Vorgaben entsprechen.<br><strong><em><a href=\"https:\/\/www.ratiovit.com\/haendler\/etiketten-nahrungsergaenzung-layout\/\">mehr Informationen<\/a><\/em><\/strong><\/p>\n","protected":false},"excerpt":{"rendered":"<p>Ratiovit: Erfahrung mit Rohstoffen, Verpackung und Etiketten Sie haben eine Idee und brauchen einen kompetenten Partner, der aus Ihren W\u00fcnschen Wirklichkeit werden l\u00e4sst? Teil- und Komplettl\u00f6sungen m\u00f6glich Ratiovit unterst\u00fctzt Sie gerne bei Ihrem Vorhaben, egal ob Sie die komplette Umsetzung oder nur einzelne Teilschritte bei uns machen lassen wollen. \u2705 Verpackung: Ratiovit kennt preiswerte Lieferanten &hellip; <a href=\"https:\/\/www.ratiovit.com\/haendler\/konfektionierung\/\" class=\"more-link\"><span class=\"screen-reader-text\">Konfektionierung<\/span> weiterlesen<\/a><\/p>\n","protected":false},"author":2,"featured_media":0,"parent":0,"menu_order":0,"comment_status":"closed","ping_status":"closed","template":"","meta":[],"_links":{"self":[{"href":"https:\/\/www.ratiovit.com\/haendler\/wp-json\/wp\/v2\/pages\/10"}],"collection":[{"href":"https:\/\/www.ratiovit.com\/haendler\/wp-json\/wp\/v2\/pages"}],"about":[{"href":"https:\/\/www.ratiovit.com\/haendler\/wp-json\/wp\/v2\/types\/page"}],"author":[{"embeddable":true,"href":"https:\/\/www.ratiovit.com\/haendler\/wp-json\/wp\/v2\/users\/2"}],"replies":[{"embeddable":true,"href":"https:\/\/www.ratiovit.com\/haendler\/wp-json\/wp\/v2\/comments?post=10"}],"version-history":[{"count":25,"href":"https:\/\/www.ratiovit.com\/haendler\/wp-json\/wp\/v2\/pages\/10\/revisions"}],"predecessor-version":[{"id":411,"href":"https:\/\/www.ratiovit.com\/haendler\/wp-json\/wp\/v2\/pages\/10\/revisions\/411"}],"wp:attachment":[{"href":"https:\/\/www.ratiovit.com\/haendler\/wp-json\/wp\/v2\/media?parent=10"}],"curies":[{"name":"wp","href":"https:\/\/api.w.org\/{rel}","templated":true}]}}